{"id":435,"date":"2022-12-14T10:53:18","date_gmt":"2022-12-14T10:53:18","guid":{"rendered":"https:\/\/misttral.rockinmedia.es\/privacy-policy\/"},"modified":"2023-11-30T12:24:52","modified_gmt":"2023-11-30T12:24:52","slug":"privacy-policy","status":"publish","type":"page","link":"https:\/\/misttral.com\/en\/privacy-policy\/","title":{"rendered":"Privacy Policy"},"content":{"rendered":"\t\t<div data-elementor-type=\"wp-page\" data-elementor-id=\"435\" class=\"elementor elementor-435 elementor-344\" data-elementor-post-type=\"page\">\n\t\t\t\t\t\t<section class=\"elementor-section elementor-top-section elementor-element elementor-element-2ba1527 elementor-section-boxed elementor-section-height-default elementor-section-height-default\" data-id=\"2ba1527\" data-element_type=\"section\">\n\t\t\t\t\t\t<div class=\"elementor-container elementor-column-gap-default\">\n\t\t\t\t\t<div class=\"elementor-column elementor-col-100 elementor-top-column elementor-element elementor-element-12fbaef\" data-id=\"12fbaef\" data-element_type=\"column\">\n\t\t\t<div class=\"elementor-widget-wrap elementor-element-populated\">\n\t\t\t\t\t\t<div class=\"elementor-element elementor-element-870f6ca elementor-widget elementor-widget-heading\" data-id=\"870f6ca\" data-element_type=\"widget\" data-widget_type=\"heading.default\">\n\t\t\t\t<div class=\"elementor-widget-container\">\n\t\t\t<h1 class=\"elementor-heading-title elementor-size-default\">Privacy Policy<\/h1>\t\t<\/div>\n\t\t\t\t<\/div>\n\t\t\t\t<div class=\"elementor-element elementor-element-2041355 elementor-widget elementor-widget-heading\" data-id=\"2041355\" data-element_type=\"widget\" data-widget_type=\"heading.default\">\n\t\t\t\t<div class=\"elementor-widget-container\">\n\t\t\t<h2 class=\"elementor-heading-title elementor-size-default\">Identity and address of the person in charge<\/h2>\t\t<\/div>\n\t\t\t\t<\/div>\n\t\t\t\t<div class=\"elementor-element elementor-element-93a4d96 elementor-widget elementor-widget-text-editor\" data-id=\"93a4d96\" data-element_type=\"widget\" data-widget_type=\"text-editor.default\">\n\t\t\t\t<div class=\"elementor-widget-container\">\n\t\t\t\t\t\t\t<p>Misttral Equity Growth S.A. de C.V. (hereinafter &#8220;MISTTRAL&#8221;), domiciled at Londres 61, Colonia Ju\u00e1rez. C.P. 06600, Alcald\u00eda Cuauht\u00e9moc, Mexico City, is a company incorporated in accordance with the laws of the United Mexican States, offering its services throughout the national territory, and committed to the protection of your Personal Data, when it is responsible for its use, handling and confidentiality; therefore, it is important to inform you that the Personal Data that MISTTRAL collects about you, are necessary to verify and confirm your identity, integrate the files to manage and operate the services it provides, in order to comply with the purpose of MISTTRAL in accordance with the provisions of the Federal Law for the Protection of Personal Data in Possession of Private Parties (the &#8220;Personal Data Law&#8221;).<\/p>\n\t\t\t\t\t\t<\/div>\n\t\t\t\t<\/div>\n\t\t\t\t<div class=\"elementor-element elementor-element-7be1c7f elementor-widget elementor-widget-heading\" data-id=\"7be1c7f\" data-element_type=\"widget\" data-widget_type=\"heading.default\">\n\t\t\t\t<div class=\"elementor-widget-container\">\n\t\t\t<h2 class=\"elementor-heading-title elementor-size-default\">Personal data collected by MISTTRAL<\/h2>\t\t<\/div>\n\t\t\t\t<\/div>\n\t\t\t\t<div class=\"elementor-element elementor-element-e726bc3 elementor-widget elementor-widget-text-editor\" data-id=\"e726bc3\" data-element_type=\"widget\" data-widget_type=\"text-editor.default\">\n\t\t\t\t<div class=\"elementor-widget-container\">\n\t\t\t\t\t\t\t<p>Identification, labor, financial or academic data that you provide us directly or indirectly through parents, guardians, or those who exercise parental authority, either personally or by electronic, optical, sound, visual or through any other technology such as internet or telephone, or that you publish through social networks, obtaining your express consent, in writing, electronically and\/or any other means of authentication, to collect, process and\/or transfer them in terms of the Personal Data Law.<br \/>MISTTRAL collects and processes the following personal data in a lawful manner, provided that you do not express any objection at the time you provide us your personal data directly or express your opposition later by the means described in this notice.<br \/>Personal data are considered to be name(s) and surname, age, date of birth, nationality, address, e-mail address, identification name in social networks, telephone number, previous studies and personal patrimonial data such as income level, contact labor data of employers, economic dependents and others of analogous nature.<br \/>Purposes.<br \/>MISTTRAL will process your personal data for the following purposes:<br \/>Said that allows and facilitates to provide you a better service: to inform you about changes or new services that may be of your interest, marketing or advertising efforts, to promote communication and collaboration among members of the MISTTRAL community through social networks and to analyze how our services and our website are used, as well as to improve them. If you do not want MISTTRAL to process your personal data for these additional purposes, please send an e-mail to datospersonales@misttral.com.<\/p>\n<p>In addition, we will use your data for the following purposes:<br \/>Conduct internal and external statistical studies on educational services and sports and cultural activities developed at MISTTRAL.<br \/>Promotion of services offered by MISTTRAL and its related companies.<br \/>MISTTRAL is committed to the integrity and protection of the most intimate sphere of the holders of the sensitive personal data it collects, so at all times it will use this information only for the purposes set forth herein, with the limitations established by law and protecting at all times the holders from any kind of discrimination.<\/p>\n\t\t\t\t\t\t<\/div>\n\t\t\t\t<\/div>\n\t\t\t\t<div class=\"elementor-element elementor-element-2dde41c elementor-widget elementor-widget-heading\" data-id=\"2dde41c\" data-element_type=\"widget\" data-widget_type=\"heading.default\">\n\t\t\t\t<div class=\"elementor-widget-container\">\n\t\t\t<h2 class=\"elementor-heading-title elementor-size-default\">Protection of personal data<\/h2>\t\t<\/div>\n\t\t\t\t<\/div>\n\t\t\t\t<div class=\"elementor-element elementor-element-91c380f elementor-widget elementor-widget-text-editor\" data-id=\"91c380f\" data-element_type=\"widget\" data-widget_type=\"text-editor.default\">\n\t\t\t\t<div class=\"elementor-widget-container\">\n\t\t\t\t\t\t\t<p>In order to comply with the purposes set forth in this notice, Personal Data will be collected and processed under strict security and confidentiality measures. Therefore, the Personal Data provided, currently or in the future in MISTTRAL&#8217;s possession, will be handled, treated and\/or used under the principles of legality, consent, quality, information, proportionality and responsibility, therefore MISTTRAL commits to observe and comply with the mentioned principles, as well as not to sell, rent, share or disclose your personal information for illicit purposes or contrary to the purposes for which they were provided, except for the exceptional cases indicated in the Personal Data Law and its respective Regulations.<br \/>MISTTRAL will use its best efforts to protect Personal Data and to safeguard the security of the systems used to store Personal Data.<br \/>However, MISTTRAL does not assume any obligation to keep confidential any other information that the holder provides in addition to that requested, including information that the holder provides through forms on the Web Site.<br \/>The Personal Data you provide is stored on servers hosted in MISTTRAL&#8217;s secure facilities.<\/p>\n\t\t\t\t\t\t<\/div>\n\t\t\t\t<\/div>\n\t\t\t\t<div class=\"elementor-element elementor-element-78c968b elementor-widget elementor-widget-heading\" data-id=\"78c968b\" data-element_type=\"widget\" data-widget_type=\"heading.default\">\n\t\t\t\t<div class=\"elementor-widget-container\">\n\t\t\t<h2 class=\"elementor-heading-title elementor-size-default\">Transfers<\/h2>\t\t<\/div>\n\t\t\t\t<\/div>\n\t\t\t\t<div class=\"elementor-element elementor-element-31b6f59 elementor-widget elementor-widget-text-editor\" data-id=\"31b6f59\" data-element_type=\"widget\" data-widget_type=\"text-editor.default\">\n\t\t\t\t<div class=\"elementor-widget-container\">\n\t\t\t\t\t\t\t<p>We undertake not to transfer your personal information to third parties without your consent, except for the exceptions set forth in article 37 of the Federal Law for the Protection of Personal Data in Possession of Individuals, as well as to carry out this transfer under the terms set forth in the applicable regulations.<\/p>\n\t\t\t\t\t\t<\/div>\n\t\t\t\t<\/div>\n\t\t\t\t\t<\/div>\n\t\t<\/div>\n\t\t\t\t\t<\/div>\n\t\t<\/section>\n\t\t\t\t<section class=\"elementor-section elementor-top-section elementor-element elementor-element-4d657ab elementor-section-full_width elementor-section-height-default elementor-section-height-default\" data-id=\"4d657ab\" data-element_type=\"section\">\n\t\t\t\t\t\t<div class=\"elementor-container elementor-column-gap-default\">\n\t\t\t\t\t<div class=\"elementor-column elementor-col-33 elementor-top-column elementor-element elementor-element-6c46ab2\" data-id=\"6c46ab2\" data-element_type=\"column\">\n\t\t\t<div class=\"elementor-widget-wrap\">\n\t\t\t\t\t\t\t<\/div>\n\t\t<\/div>\n\t\t\t\t<div class=\"elementor-column elementor-col-33 elementor-top-column elementor-element elementor-element-3cf2223\" data-id=\"3cf2223\" data-element_type=\"column\">\n\t\t\t<div class=\"elementor-widget-wrap elementor-element-populated\">\n\t\t\t\t\t\t<div class=\"elementor-element elementor-element-6f52b47 elementor-widget elementor-widget-image\" data-id=\"6f52b47\" data-element_type=\"widget\" data-widget_type=\"image.default\">\n\t\t\t\t<div class=\"elementor-widget-container\">\n\t\t\t\t\t\t\t\t\t\t\t\t\t<img fetchpriority=\"high\" decoding=\"async\" width=\"1709\" height=\"482\" src=\"https:\/\/misttral.com\/wp-content\/uploads\/2023\/08\/Logos-actualizados-misttral-01-crp.png\" class=\"attachment-full size-full wp-image-1087\" alt=\"\" srcset=\"https:\/\/misttral.com\/wp-content\/uploads\/2023\/08\/Logos-actualizados-misttral-01-crp.png 1709w, https:\/\/misttral.com\/wp-content\/uploads\/2023\/08\/Logos-actualizados-misttral-01-crp-300x85.png 300w, https:\/\/misttral.com\/wp-content\/uploads\/2023\/08\/Logos-actualizados-misttral-01-crp-1024x289.png 1024w, https:\/\/misttral.com\/wp-content\/uploads\/2023\/08\/Logos-actualizados-misttral-01-crp-768x217.png 768w, https:\/\/misttral.com\/wp-content\/uploads\/2023\/08\/Logos-actualizados-misttral-01-crp-1536x433.png 1536w, https:\/\/misttral.com\/wp-content\/uploads\/2023\/08\/Logos-actualizados-misttral-01-crp-350x100.png 350w\" sizes=\"(max-width: 1709px) 100vw, 1709px\" \/>\t\t\t\t\t\t\t\t\t\t\t\t\t<\/div>\n\t\t\t\t<\/div>\n\t\t\t\t<section class=\"elementor-section elementor-inner-section elementor-element elementor-element-24313ce elementor-section-boxed elementor-section-height-default elementor-section-height-default\" data-id=\"24313ce\" data-element_type=\"section\">\n\t\t\t\t\t\t<div class=\"elementor-container elementor-column-gap-default\">\n\t\t\t\t\t<div class=\"elementor-column elementor-col-100 elementor-inner-column elementor-element elementor-element-3a4a56e\" data-id=\"3a4a56e\" data-element_type=\"column\">\n\t\t\t<div class=\"elementor-widget-wrap elementor-element-populated\">\n\t\t\t\t\t\t<div class=\"elementor-element elementor-element-703998d elementor-widget elementor-widget-text-editor\" data-id=\"703998d\" data-element_type=\"widget\" data-widget_type=\"text-editor.default\">\n\t\t\t\t<div class=\"elementor-widget-container\">\n\t\t\t\t\t\t\t<p>We seek to build long lasting partnerships with the companies that are sculpting the future. <span style=\"color: #ffffff;\">We believe local champions can become global leaders<\/span><\/p>\n\t\t\t\t\t\t<\/div>\n\t\t\t\t<\/div>\n\t\t\t\t<div class=\"elementor-element elementor-element-3bc818e elementor-align-center elementor-widget elementor-widget-button\" data-id=\"3bc818e\" data-element_type=\"widget\" data-widget_type=\"button.default\">\n\t\t\t\t<div class=\"elementor-widget-container\">\n\t\t\t\t\t<div class=\"elementor-button-wrapper\">\n\t\t\t<a class=\"elementor-button elementor-button-link elementor-size-sm\" href=\"https:\/\/misttral.com\/en\/contact\/\">\n\t\t\t\t\t\t<span class=\"elementor-button-content-wrapper\">\n\t\t\t\t\t\t\t\t\t<span class=\"elementor-button-text\">Contact us<\/span>\n\t\t\t\t\t<\/span>\n\t\t\t\t\t<\/a>\n\t\t<\/div>\n\t\t\t\t<\/div>\n\t\t\t\t<\/div>\n\t\t\t\t\t<\/div>\n\t\t<\/div>\n\t\t\t\t\t<\/div>\n\t\t<\/section>\n\t\t\t\t\t<\/div>\n\t\t<\/div>\n\t\t\t\t<div class=\"elementor-column elementor-col-33 elementor-top-column elementor-element elementor-element-1637dab\" data-id=\"1637dab\" data-element_type=\"column\">\n\t\t\t<div class=\"elementor-widget-wrap\">\n\t\t\t\t\t\t\t<\/div>\n\t\t<\/div>\n\t\t\t\t\t<\/div>\n\t\t<\/section>\n\t\t\t\t<\/div>\n\t\t","protected":false},"excerpt":{"rendered":"<p>Privacy Policy Identity and address of the person in charge Misttral Equity Growth S.A. de C.V. (hereinafter &#8220;MISTTRAL&#8221;), domiciled at Londres 61, Colonia Ju\u00e1rez. C.P. 06600, Alcald\u00eda Cuauht\u00e9moc, Mexico City, is a company incorporated in accordance with the laws of the United Mexican States, offering its services throughout the national territory, and committed to the [&hellip;]<\/p>\n","protected":false},"author":1,"featured_media":0,"parent":0,"menu_order":0,"comment_status":"closed","ping_status":"closed","template":"elementor_header_footer","meta":{"inline_featured_image":false,"footnotes":""},"class_list":["post-435","page","type-page","status-publish","hentry"],"_links":{"self":[{"href":"https:\/\/misttral.com\/en\/wp-json\/wp\/v2\/pages\/435","targetHints":{"allow":["GET"]}}],"collection":[{"href":"https:\/\/misttral.com\/en\/wp-json\/wp\/v2\/pages"}],"about":[{"href":"https:\/\/misttral.com\/en\/wp-json\/wp\/v2\/types\/page"}],"author":[{"embeddable":true,"href":"https:\/\/misttral.com\/en\/wp-json\/wp\/v2\/users\/1"}],"replies":[{"embeddable":true,"href":"https:\/\/misttral.com\/en\/wp-json\/wp\/v2\/comments?post=435"}],"version-history":[{"count":12,"href":"https:\/\/misttral.com\/en\/wp-json\/wp\/v2\/pages\/435\/revisions"}],"predecessor-version":[{"id":1201,"href":"https:\/\/misttral.com\/en\/wp-json\/wp\/v2\/pages\/435\/revisions\/1201"}],"wp:attachment":[{"href":"https:\/\/misttral.com\/en\/wp-json\/wp\/v2\/media?parent=435"}],"curies":[{"name":"wp","href":"https:\/\/api.w.org\/{rel}","templated":true}]}}